{"id":898,"date":"2021-03-04T20:39:49","date_gmt":"2021-03-04T19:39:49","guid":{"rendered":"http:\/\/accnr.es\/?page_id=898"},"modified":"2021-03-04T20:41:48","modified_gmt":"2021-03-04T19:41:48","slug":"charla-con-carlos-nunes-de-molina-for-brewers","status":"publish","type":"page","link":"https:\/\/accnr.es\/?page_id=898","title":{"rendered":"CHARLA CON: CARLOS NU\u00d1EZ DE MOLINA FOR BREWERS"},"content":{"rendered":"\n<p>El 10 de mayo del 2020 pudimos asistir a una charla online con Carlos Nu\u00f1ez, del distribuidor de materias primas Molina for Brewers.<\/p>\n\n\n\n<p>Tuvimos una agradable y amena charla con Carlos, centr\u00e1ndonos en las maltas Weyermann, una de los productores de maltas m\u00e1s grandes y que m\u00e1s variedad de maltas especiales tiene, adem\u00e1s de hablar de algunos l\u00fapulos y levaduras.<\/p>\n","protected":false},"excerpt":{"rendered":"<p>El 10 de mayo del 2020 pudimos asistir a una charla online con Carlos Nu\u00f1ez, del distribuidor de materias primas Molina for Brewers. Tuvimos una agradable y amena charla con Carlos, centr\u00e1ndonos en las maltas Weyermann, una de los productores de maltas m\u00e1s grandes y que m\u00e1s variedad de maltas&#8230; <a class=\"continue-reading-link\" href=\"https:\/\/accnr.es\/?page_id=898\">Continue reading<\/a><\/p>\n","protected":false},"author":1,"featured_media":0,"parent":0,"menu_order":0,"comment_status":"closed","ping_status":"closed","template":"","meta":{"footnotes":""},"class_list":["post-898","page","type-page","status-publish","hentry"],"_links":{"self":[{"href":"https:\/\/accnr.es\/index.php?rest_route=\/wp\/v2\/pages\/898","targetHints":{"allow":["GET"]}}],"collection":[{"href":"https:\/\/accnr.es\/index.php?rest_route=\/wp\/v2\/pages"}],"about":[{"href":"https:\/\/accnr.es\/index.php?rest_route=\/wp\/v2\/types\/page"}],"author":[{"embeddable":true,"href":"https:\/\/accnr.es\/index.php?rest_route=\/wp\/v2\/users\/1"}],"replies":[{"embeddable":true,"href":"https:\/\/accnr.es\/index.php?rest_route=%2Fwp%2Fv2%2Fcomments&post=898"}],"version-history":[{"count":3,"href":"https:\/\/accnr.es\/index.php?rest_route=\/wp\/v2\/pages\/898\/revisions"}],"predecessor-version":[{"id":902,"href":"https:\/\/accnr.es\/index.php?rest_route=\/wp\/v2\/pages\/898\/revisions\/902"}],"wp:attachment":[{"href":"https:\/\/accnr.es\/index.php?rest_route=%2Fwp%2Fv2%2Fmedia&parent=898"}],"curies":[{"name":"wp","href":"https:\/\/api.w.org\/{rel}","templated":true}]}}