{"id":827,"date":"2020-12-01T17:03:58","date_gmt":"2020-12-01T16:03:58","guid":{"rendered":"http:\/\/accnr.es\/?page_id=827"},"modified":"2020-12-01T17:03:59","modified_gmt":"2020-12-01T16:03:59","slug":"craftbeerpi-que-es-instalacion-y-hardware","status":"publish","type":"page","link":"https:\/\/accnr.es\/?page_id=827","title":{"rendered":"CRAFTBEERPI &#8211; \u00bfQU\u00c9 ES?, INSTALACI\u00d3N Y HARDWARE"},"content":{"rendered":"\n<p>DIY Homebrewers desgrana en una serie de art\u00edculos qu\u00e9 es el CraftBeerPi, c\u00f3mo hacer un sensor de temperatura, un SSR (rel\u00e9 de estado solido) y como instalarlo todo.<\/p>\n\n\n\n<p>Os dejamos por aqu\u00ed los links a esos apartados y el v\u00eddeo de la instalaci\u00f3n:<\/p>\n\n\n\n<p>\u00bfQu\u00e9 es?:<\/p>\n\n\n\n<p><a href=\"https:\/\/www.diyhomebrewers.com\/2020\/07\/craftbeerpi-introduccion.html\">https:\/\/www.diyhomebrewers.com\/2020\/07\/craftbeerpi-introduccion.html<\/a><\/p>\n\n\n\n<p>Sensor de temperatura wifi y SSR:<\/p>\n\n\n\n<p><a href=\"https:\/\/www.diyhomebrewers.com\/2020\/08\/onlytemp-sensor-de-temperatura-wifi-low.html\">https:\/\/www.diyhomebrewers.com\/2020\/08\/onlytemp-sensor-de-temperatura-wifi-low.html<\/a><\/p>\n\n\n\n<p><a href=\"https:\/\/www.diyhomebrewers.com\/2020\/09\/craftbeerpi-hardware-sensores-de.html\">https:\/\/www.diyhomebrewers.com\/2020\/09\/craftbeerpi-hardware-sensores-de.html<\/a><\/p>\n\n\n\n<p>Instalacion:<\/p>\n\n\n\n<figure class=\"wp-block-embed-youtube wp-block-embed is-type-rich is-provider-gestor-del-servicio wp-embed-aspect-16-9 wp-has-aspect-ratio\"><div class=\"wp-block-embed__wrapper\">\n<iframe loading=\"lazy\" title=\"Instalaci\u00f3n CraftBeerPi (Software)\" width=\"920\" height=\"518\" src=\"https:\/\/www.youtube.com\/embed\/tDt0TgW0brc?feature=oembed\" frameborder=\"0\" allow=\"accelerometer; autoplay; clipboard-write; encrypted-media; gyroscope; picture-in-picture\" allowfullscreen><\/iframe>\n<\/div><\/figure>\n\n\n\n<p><a href=\"https:\/\/www.diyhomebrewers.com\/2020\/08\/craftbeerpi-instalacion-de-craftbeerpi.html\">https:\/\/www.diyhomebrewers.com\/2020\/08\/craftbeerpi-instalacion-de-craftbeerpi.html<\/a><\/p>\n","protected":false},"excerpt":{"rendered":"<p>DIY Homebrewers desgrana en una serie de art\u00edculos qu\u00e9 es el CraftBeerPi, c\u00f3mo hacer un sensor de temperatura, un SSR (rel\u00e9 de estado solido) y como instalarlo todo. Os dejamos por aqu\u00ed los links a esos apartados y el v\u00eddeo de la instalaci\u00f3n: \u00bfQu\u00e9 es?: https:\/\/www.diyhomebrewers.com\/2020\/07\/craftbeerpi-introduccion.html Sensor de temperatura wifi&#8230; <a class=\"continue-reading-link\" href=\"https:\/\/accnr.es\/?page_id=827\">Continue reading<\/a><\/p>\n","protected":false},"author":1,"featured_media":0,"parent":0,"menu_order":0,"comment_status":"closed","ping_status":"closed","template":"","meta":{"footnotes":""},"class_list":["post-827","page","type-page","status-publish","hentry"],"_links":{"self":[{"href":"https:\/\/accnr.es\/index.php?rest_route=\/wp\/v2\/pages\/827","targetHints":{"allow":["GET"]}}],"collection":[{"href":"https:\/\/accnr.es\/index.php?rest_route=\/wp\/v2\/pages"}],"about":[{"href":"https:\/\/accnr.es\/index.php?rest_route=\/wp\/v2\/types\/page"}],"author":[{"embeddable":true,"href":"https:\/\/accnr.es\/index.php?rest_route=\/wp\/v2\/users\/1"}],"replies":[{"embeddable":true,"href":"https:\/\/accnr.es\/index.php?rest_route=%2Fwp%2Fv2%2Fcomments&post=827"}],"version-history":[{"count":1,"href":"https:\/\/accnr.es\/index.php?rest_route=\/wp\/v2\/pages\/827\/revisions"}],"predecessor-version":[{"id":829,"href":"https:\/\/accnr.es\/index.php?rest_route=\/wp\/v2\/pages\/827\/revisions\/829"}],"wp:attachment":[{"href":"https:\/\/accnr.es\/index.php?rest_route=%2Fwp%2Fv2%2Fmedia&parent=827"}],"curies":[{"name":"wp","href":"https:\/\/api.w.org\/{rel}","templated":true}]}}