{"id":799,"date":"2020-12-01T15:19:45","date_gmt":"2020-12-01T14:19:45","guid":{"rendered":"http:\/\/accnr.es\/?page_id=799"},"modified":"2020-12-01T15:19:46","modified_gmt":"2020-12-01T14:19:46","slug":"fabricacion-agitador-magnetico-con-control-de-temperatura","status":"publish","type":"page","link":"https:\/\/accnr.es\/?page_id=799","title":{"rendered":"FABRICACI\u00d3N AGITADOR MAGN\u00c9TICO CON CONTROL DE TEMPERATURA"},"content":{"rendered":"\n<p>Os dejamos el v\u00eddeo de Youtube y m\u00e1s abajo el link a su web con fotos, materiales y m\u00e1s explicaciones. Complet\u00edsimo este agitador creado por Diy Homebrewers.<\/p>\n\n\n\n<figure class=\"wp-block-embed-youtube wp-block-embed is-type-rich is-provider-gestor-del-servicio wp-embed-aspect-16-9 wp-has-aspect-ratio\"><div class=\"wp-block-embed__wrapper\">\n<iframe loading=\"lazy\" title=\"Montaje Agitador Magn\u00e9tico con control de temperatura (calor)\" width=\"920\" height=\"518\" src=\"https:\/\/www.youtube.com\/embed\/Dgr2kK_ycPQ?feature=oembed\" frameborder=\"0\" allow=\"accelerometer; autoplay; clipboard-write; encrypted-media; gyroscope; picture-in-picture\" allowfullscreen><\/iframe>\n<\/div><\/figure>\n\n\n\n<p><a href=\"https:\/\/www.diyhomebrewers.com\/2020\/06\/agitador-magnetico-con-control-de.html\">https:\/\/www.diyhomebrewers.com\/2020\/06\/agitador-magnetico-con-control-de.html<\/a><\/p>\n","protected":false},"excerpt":{"rendered":"<p>Os dejamos el v\u00eddeo de Youtube y m\u00e1s abajo el link a su web con fotos, materiales y m\u00e1s explicaciones. Complet\u00edsimo este agitador creado por Diy Homebrewers. https:\/\/www.diyhomebrewers.com\/2020\/06\/agitador-magnetico-con-control-de.html <a class=\"continue-reading-link\" href=\"https:\/\/accnr.es\/?page_id=799\">Continue reading<\/a><\/p>\n","protected":false},"author":1,"featured_media":0,"parent":0,"menu_order":0,"comment_status":"closed","ping_status":"closed","template":"","meta":{"footnotes":""},"class_list":["post-799","page","type-page","status-publish","hentry"],"_links":{"self":[{"href":"https:\/\/accnr.es\/index.php?rest_route=\/wp\/v2\/pages\/799","targetHints":{"allow":["GET"]}}],"collection":[{"href":"https:\/\/accnr.es\/index.php?rest_route=\/wp\/v2\/pages"}],"about":[{"href":"https:\/\/accnr.es\/index.php?rest_route=\/wp\/v2\/types\/page"}],"author":[{"embeddable":true,"href":"https:\/\/accnr.es\/index.php?rest_route=\/wp\/v2\/users\/1"}],"replies":[{"embeddable":true,"href":"https:\/\/accnr.es\/index.php?rest_route=%2Fwp%2Fv2%2Fcomments&post=799"}],"version-history":[{"count":1,"href":"https:\/\/accnr.es\/index.php?rest_route=\/wp\/v2\/pages\/799\/revisions"}],"predecessor-version":[{"id":801,"href":"https:\/\/accnr.es\/index.php?rest_route=\/wp\/v2\/pages\/799\/revisions\/801"}],"wp:attachment":[{"href":"https:\/\/accnr.es\/index.php?rest_route=%2Fwp%2Fv2%2Fmedia&parent=799"}],"curies":[{"name":"wp","href":"https:\/\/api.w.org\/{rel}","templated":true}]}}