{"id":722,"date":"2020-11-30T10:18:36","date_gmt":"2020-11-30T09:18:36","guid":{"rendered":"http:\/\/accnr.es\/?page_id=722"},"modified":"2020-12-03T17:42:47","modified_gmt":"2020-12-03T16:42:47","slug":"youtube","status":"publish","type":"page","link":"https:\/\/accnr.es\/?page_id=722","title":{"rendered":"YOUTUBE Y WEBS"},"content":{"rendered":"\n<p>Desde ACCNR queremos dejar claro que todos los v\u00eddeos de nuestra web est\u00e1n incrustados con el consentimiento de los creadores de dichos v\u00eddeos.<\/p>\n\n\n\n<p>El objetivo de incrustar estos v\u00eddeos es fomentar los canales cerveceros de los creadores y ampliar todo lo posible la informaci\u00f3n cervecera para nuestros socios.<\/p>\n","protected":false},"excerpt":{"rendered":"<p>Desde ACCNR queremos dejar claro que todos los v\u00eddeos de nuestra web est\u00e1n incrustados con el consentimiento de los creadores de dichos v\u00eddeos. El objetivo de incrustar estos v\u00eddeos es fomentar los canales cerveceros de los creadores y ampliar todo lo posible la informaci\u00f3n cervecera para nuestros socios. <a class=\"continue-reading-link\" href=\"https:\/\/accnr.es\/?page_id=722\">Continue reading<\/a><\/p>\n","protected":false},"author":1,"featured_media":0,"parent":0,"menu_order":0,"comment_status":"closed","ping_status":"closed","template":"","meta":{"footnotes":""},"class_list":["post-722","page","type-page","status-publish","hentry"],"_links":{"self":[{"href":"https:\/\/accnr.es\/index.php?rest_route=\/wp\/v2\/pages\/722","targetHints":{"allow":["GET"]}}],"collection":[{"href":"https:\/\/accnr.es\/index.php?rest_route=\/wp\/v2\/pages"}],"about":[{"href":"https:\/\/accnr.es\/index.php?rest_route=\/wp\/v2\/types\/page"}],"author":[{"embeddable":true,"href":"https:\/\/accnr.es\/index.php?rest_route=\/wp\/v2\/users\/1"}],"replies":[{"embeddable":true,"href":"https:\/\/accnr.es\/index.php?rest_route=%2Fwp%2Fv2%2Fcomments&post=722"}],"version-history":[{"count":3,"href":"https:\/\/accnr.es\/index.php?rest_route=\/wp\/v2\/pages\/722\/revisions"}],"predecessor-version":[{"id":856,"href":"https:\/\/accnr.es\/index.php?rest_route=\/wp\/v2\/pages\/722\/revisions\/856"}],"wp:attachment":[{"href":"https:\/\/accnr.es\/index.php?rest_route=%2Fwp%2Fv2%2Fmedia&parent=722"}],"curies":[{"name":"wp","href":"https:\/\/api.w.org\/{rel}","templated":true}]}}