{"id":708,"date":"2020-11-30T00:21:50","date_gmt":"2020-11-29T23:21:50","guid":{"rendered":"http:\/\/accnr.es\/?page_id=708"},"modified":"2022-10-15T18:40:21","modified_gmt":"2022-10-15T16:40:21","slug":"quienes-somos-y-contacto","status":"publish","type":"page","link":"https:\/\/accnr.es\/?page_id=708","title":{"rendered":"QUIENES SOMOS Y CONTACTO"},"content":{"rendered":"<div class=\"wp-block-image\">\n<figure class=\"aligncenter size-large is-resized\"><img loading=\"lazy\" decoding=\"async\" src=\"https:\/\/accnr.es\/wp-content\/uploads\/2020\/11\/Logo-final-letras-1-977x1024.jpg\" alt=\"\" class=\"wp-image-698\" width=\"406\" height=\"425\" srcset=\"https:\/\/accnr.es\/wp-content\/uploads\/2020\/11\/Logo-final-letras-1-977x1024.jpg 977w, https:\/\/accnr.es\/wp-content\/uploads\/2020\/11\/Logo-final-letras-1-286x300.jpg 286w, https:\/\/accnr.es\/wp-content\/uploads\/2020\/11\/Logo-final-letras-1-768x805.jpg 768w, https:\/\/accnr.es\/wp-content\/uploads\/2020\/11\/Logo-final-letras-1-1466x1536.jpg 1466w, https:\/\/accnr.es\/wp-content\/uploads\/2020\/11\/Logo-final-letras-1-1955x2048.jpg 1955w, https:\/\/accnr.es\/wp-content\/uploads\/2020\/11\/Logo-final-letras-1-334x350.jpg 334w, https:\/\/accnr.es\/wp-content\/uploads\/2020\/11\/Logo-final-letras-1-143x150.jpg 143w\" sizes=\"auto, (max-width: 406px) 100vw, 406px\" \/><\/figure>\n<\/div>\n\n\n<p class=\"has-text-align-left\" id=\"block-4b2b82ca-dea2-4170-9cbf-0bc4578996e1\"><mark style=\"background-color:rgba(0, 0, 0, 0)\" class=\"has-inline-color has-luminous-vivid-orange-color\">\u00bfQUI\u00c9NES SOMOS?<\/mark>. La Asociaci\u00f3n de Cerveceros Caseros de Navarra y La Rioja (ACCNR) somos una Asociaci\u00f3n de reciente creaci\u00f3n, aunque nos pusimos manos a la obra en septiembre del 2018 y ya hicimos varias actividades, no fue hasta diciembre de ese mismo a\u00f1o cu\u00e1ndo nos llego la aceptaci\u00f3n en el Registro Nacional. Somos un grupo de Cerveceros Caseros que conseguimos juntar a los aficionados a la elaboraci\u00f3n de cerveza de Navarra y de La Rioja para crear una asociaci\u00f3n sin \u00e1nimo de lucro. <\/p>\n\n\n\n<p class=\"has-text-align-left\" id=\"block-4b2b82ca-dea2-4170-9cbf-0bc4578996e1\"><mark style=\"background-color:rgba(0, 0, 0, 0)\" class=\"has-inline-color has-luminous-vivid-orange-color\">\u00bfQU\u00c9 HAC\u00c9MOS?<\/mark>. Lo que hacemos y pretendemos es aprender cada d\u00eda en este maravilloso y amplio mundo de la elaboraci\u00f3n y disfrute de cerveza, para ello vamos haciendo actividades conjuntas e individuales de elaboraci\u00f3n, concursos, visitas a f\u00e1bricas, talleres y un largo etc. Los objetivos reales son juntarnos, poner en com\u00fan conocimientos, aprender unos de otros constantemente y sobre todo destaca el buen ambiente entre los socios. <\/p>\n\n\n\n<p class=\"has-text-align-left\" id=\"block-4b2b82ca-dea2-4170-9cbf-0bc4578996e1\"><mark style=\"background-color:rgba(0, 0, 0, 0)\" class=\"has-inline-color has-luminous-vivid-orange-color\">WEB<\/mark>. Nuestra p\u00e1gina web pretende unir a los socios en un sitio virtual, intercambiar informaci\u00f3n y tenerla siempre disponible para cualquiera y en cualquier momento, ademas de ser un mecanismo m\u00e1s de aprendizaje. A\u00fan estamos incluyendo muchas cosas en ella, poco a poco vamos haci\u00e9ndolo y colaborando entre todos. <\/p>\n\n\n\n<p class=\"has-text-align-left\" id=\"block-4b2b82ca-dea2-4170-9cbf-0bc4578996e1\">Por aqu\u00ed podr\u00e1s encontrar recetas famosas, recetas de nuestros socios, link a webs\/empresas\/asociaciones amigas, distintos tipos de documentos, las actividades que vamos realizando y mucha m\u00e1s informaci\u00f3n. <\/p>\n\n\n\n<p class=\"has-text-align-left\" id=\"block-4b2b82ca-dea2-4170-9cbf-0bc4578996e1\"><mark style=\"background-color:rgba(0, 0, 0, 0)\" class=\"has-inline-color has-luminous-vivid-orange-color\">AMIGOS<\/mark>. Queremos destacar es que en la asociaci\u00f3n hay gente que acaba de empezar y gente que lleva muchos a\u00f1os haciendo cerveza y present\u00e1ndose a concursos as\u00ed que aqu\u00ed ser\u00e1s absolutamente bienvenido\/a tengas el nivel que tengas y tengas el equipo que tengas, si acabas de empezar intentaremos ayudarte en todo lo que se pueda y si llevas mucho tiempo igual te tenemos que pedir consejo a ti. <\/p>\n\n\n\n<p class=\"has-text-align-left\" id=\"block-4b2b82ca-dea2-4170-9cbf-0bc4578996e1\">Nos une una estrecha amistad las cervecer\u00edas de la zona, como Manneken, Napargar o El Retrogusto es M\u00edo, o con tiendas como Beer Kupela, as\u00ed que tambi\u00e9n intentamos contar con ellos a la hora de organizar actividades o talleres. Tambi\u00e9n tenemos muy buenas relaci\u00f3n con las microcervecer\u00edas de Navarra y con otras muchas repartidas por todo el pa\u00eds. <\/p>\n\n\n\n<p class=\"has-text-align-left\" id=\"block-4b2b82ca-dea2-4170-9cbf-0bc4578996e1\"><mark style=\"background-color:rgba(0, 0, 0, 0)\" class=\"has-inline-color has-luminous-vivid-orange-color\">APRENDEMOS<\/mark>. Adem\u00e1s, por suerte, entre nuestros socios podemos contar con jueces BJCP, Cicerones, Beer Sommeliers, Especializaci\u00f3n en cerveza por la Universidad de Alicante, etc. Pero sobre todo con grandes amantes de la cerveza siempre dispuestos a ayudar y cooperar. <\/p>\n\n\n\n<p><mark style=\"background-color:rgba(0, 0, 0, 0)\" class=\"has-inline-color has-luminous-vivid-orange-color\">CUOTA<\/mark>. La cuota de inscripci\u00f3n a la Asociaci\u00f3n es de 10\u20ac y la anual de 30\u20ac; lo que supone una cuota total de 40\u20ac el primer a\u00f1o y 30\u20ac los sucesivos. Actualmente, debido a la pandemia del Covid-19, las cuotas anuales est\u00e1n anuladas hasta nuevo aviso, aunque s\u00ed se mantiene la cuota de inscripci\u00f3n de 10\u20ac para los nuevos socios.<\/p>\n\n\n\n<p class=\"has-text-align-left\" id=\"block-4b2b82ca-dea2-4170-9cbf-0bc4578996e1\"><mark style=\"background-color:rgba(0, 0, 0, 0)\" class=\"has-inline-color has-luminous-vivid-orange-color\">\u00a1TE ESPERAMOS!<\/mark>. Si te interesa entrar en la asociaci\u00f3n o tienes cualquier pregunta puedes escribirnos al formulario que tienes m\u00e1s abajo. <\/p>\n\n\n\n<p class=\"has-text-align-left\" id=\"block-4b2b82ca-dea2-4170-9cbf-0bc4578996e1\">Un saludo y encantados de que est\u00e9s leyendo estas l\u00edneas! <\/p>\n\n\n\n<p class=\"has-text-align-left\" id=\"block-4b2b82ca-dea2-4170-9cbf-0bc4578996e1\">Salud y buena birra! <\/p>\n\n\n\n<p class=\"has-text-align-left\" id=\"block-4b2b82ca-dea2-4170-9cbf-0bc4578996e1\">Asociaci\u00f3n de Cerveceros Caseros de Navarra y La Rioja.<\/p>\n","protected":false},"excerpt":{"rendered":"<p>\u00bfQUI\u00c9NES SOMOS?. La Asociaci\u00f3n de Cerveceros Caseros de Navarra y La Rioja (ACCNR) somos una Asociaci\u00f3n de reciente creaci\u00f3n, aunque nos pusimos manos a la obra en septiembre del 2018 y ya hicimos varias actividades, no fue hasta diciembre de ese mismo a\u00f1o cu\u00e1ndo nos llego la aceptaci\u00f3n en el&#8230; <a class=\"continue-reading-link\" href=\"https:\/\/accnr.es\/?page_id=708\">Continue reading<\/a><\/p>\n","protected":false},"author":1,"featured_media":0,"parent":0,"menu_order":0,"comment_status":"closed","ping_status":"closed","template":"","meta":{"footnotes":""},"class_list":["post-708","page","type-page","status-publish","hentry"],"_links":{"self":[{"href":"https:\/\/accnr.es\/index.php?rest_route=\/wp\/v2\/pages\/708","targetHints":{"allow":["GET"]}}],"collection":[{"href":"https:\/\/accnr.es\/index.php?rest_route=\/wp\/v2\/pages"}],"about":[{"href":"https:\/\/accnr.es\/index.php?rest_route=\/wp\/v2\/types\/page"}],"author":[{"embeddable":true,"href":"https:\/\/accnr.es\/index.php?rest_route=\/wp\/v2\/users\/1"}],"replies":[{"embeddable":true,"href":"https:\/\/accnr.es\/index.php?rest_route=%2Fwp%2Fv2%2Fcomments&post=708"}],"version-history":[{"count":8,"href":"https:\/\/accnr.es\/index.php?rest_route=\/wp\/v2\/pages\/708\/revisions"}],"predecessor-version":[{"id":9964,"href":"https:\/\/accnr.es\/index.php?rest_route=\/wp\/v2\/pages\/708\/revisions\/9964"}],"wp:attachment":[{"href":"https:\/\/accnr.es\/index.php?rest_route=%2Fwp%2Fv2%2Fmedia&parent=708"}],"curies":[{"name":"wp","href":"https:\/\/api.w.org\/{rel}","templated":true}]}}