{"id":43,"date":"2019-04-01T19:01:54","date_gmt":"2019-04-01T17:01:54","guid":{"rendered":"http:\/\/accnr.es\/?page_id=43"},"modified":"2019-04-23T18:17:53","modified_gmt":"2019-04-23T16:17:53","slug":"documentos","status":"publish","type":"page","link":"https:\/\/accnr.es\/?page_id=43","title":{"rendered":"Documentos"},"content":{"rendered":"\n<p>En este apartados podemos consultar todo tipo de documentos t\u00e9cnicos e informativos relacionados con la cerveza.<\/p>\n\n\n\n<p>Todos los libros y diferentes documentos est\u00e1n protegidos con contrase\u00f1a y solamente est\u00e1n destinados a los socios de ACCNR<\/p>\n","protected":false},"excerpt":{"rendered":"<p>En este apartados podemos consultar todo tipo de documentos t\u00e9cnicos e informativos relacionados con la cerveza. Todos los libros y diferentes documentos est\u00e1n protegidos con contrase\u00f1a y solamente est\u00e1n destinados a los socios de ACCNR <a class=\"continue-reading-link\" href=\"https:\/\/accnr.es\/?page_id=43\">Continue reading<\/a><\/p>\n","protected":false},"author":1,"featured_media":0,"parent":0,"menu_order":0,"comment_status":"closed","ping_status":"closed","template":"","meta":{"footnotes":""},"class_list":["post-43","page","type-page","status-publish","hentry"],"_links":{"self":[{"href":"https:\/\/accnr.es\/index.php?rest_route=\/wp\/v2\/pages\/43","targetHints":{"allow":["GET"]}}],"collection":[{"href":"https:\/\/accnr.es\/index.php?rest_route=\/wp\/v2\/pages"}],"about":[{"href":"https:\/\/accnr.es\/index.php?rest_route=\/wp\/v2\/types\/page"}],"author":[{"embeddable":true,"href":"https:\/\/accnr.es\/index.php?rest_route=\/wp\/v2\/users\/1"}],"replies":[{"embeddable":true,"href":"https:\/\/accnr.es\/index.php?rest_route=%2Fwp%2Fv2%2Fcomments&post=43"}],"version-history":[{"count":3,"href":"https:\/\/accnr.es\/index.php?rest_route=\/wp\/v2\/pages\/43\/revisions"}],"predecessor-version":[{"id":338,"href":"https:\/\/accnr.es\/index.php?rest_route=\/wp\/v2\/pages\/43\/revisions\/338"}],"wp:attachment":[{"href":"https:\/\/accnr.es\/index.php?rest_route=%2Fwp%2Fv2%2Fmedia&parent=43"}],"curies":[{"name":"wp","href":"https:\/\/api.w.org\/{rel}","templated":true}]}}