{"id":395,"date":"2019-06-03T16:58:53","date_gmt":"2019-06-03T14:58:53","guid":{"rendered":"http:\/\/accnr.es\/?page_id=395"},"modified":"2020-11-28T21:00:13","modified_gmt":"2020-11-28T20:00:13","slug":"concurso-ultreya-beer","status":"publish","type":"page","link":"https:\/\/accnr.es\/?page_id=395","title":{"rendered":"CONCURSO ULTREYA                                                              BEER VIANA &#8211; ACCNR"},"content":{"rendered":"\n<div class=\"wp-block-image\"><figure class=\"aligncenter is-resized\"><img loading=\"lazy\" decoding=\"async\" src=\"https:\/\/accnr.es\/wp-content\/uploads\/2019\/06\/Cartel-oficial-concurso-Homebrew-Ultreyabeer-Viana-ACCNR-2019-724x1024.jpg\" alt=\"\" class=\"wp-image-403\" width=\"362\" height=\"512\" srcset=\"https:\/\/accnr.es\/wp-content\/uploads\/2019\/06\/Cartel-oficial-concurso-Homebrew-Ultreyabeer-Viana-ACCNR-2019-724x1024.jpg 724w, https:\/\/accnr.es\/wp-content\/uploads\/2019\/06\/Cartel-oficial-concurso-Homebrew-Ultreyabeer-Viana-ACCNR-2019-212x300.jpg 212w, https:\/\/accnr.es\/wp-content\/uploads\/2019\/06\/Cartel-oficial-concurso-Homebrew-Ultreyabeer-Viana-ACCNR-2019-768x1086.jpg 768w, https:\/\/accnr.es\/wp-content\/uploads\/2019\/06\/Cartel-oficial-concurso-Homebrew-Ultreyabeer-Viana-ACCNR-2019.jpg 1131w\" sizes=\"auto, (max-width: 362px) 100vw, 362px\" \/><\/figure><\/div>\n\n\n\n<p><\/p>\n\n\n\n<p class=\"has-text-align-left has-medium-font-size\">Desde la Asociaci\u00f3n de Cerveceros Caseros de Navarra y La Rioja (ACCNR), conjuntamente con la Feria de Cerveza Artesana Ultreya Beer de Viana, tenemos el placer de anunciar el Primer Concurso de Elaboraci\u00f3n de Cerveza Casera Ultreya Beer Viana, que estar\u00e1 englobado dentro de las actividades de dicha feria el 28 de septiembre del 2019 en la localidad Navarra de Viana.<\/p>\n\n\n\n<p class=\"has-medium-font-size\">A continuaci\u00f3n os enlazamos el cartel oficial y las bases con los premios e incluso un formulario de inscripci\u00f3n online para que pod\u00e1is consultar y descargar lo necesario para participar.<\/p>\n\n\n\n<p class=\"has-medium-font-size\">\u00a1Esperamos que os guste y os anim\u00e9is a participar!<\/p>\n\n\n\n<p class=\"has-medium-font-size\">\u00a1Salud y buena birra&#8230; casera!<\/p>\n","protected":false},"excerpt":{"rendered":"<p>Desde la Asociaci\u00f3n de Cerveceros Caseros de Navarra y La Rioja (ACCNR), conjuntamente con la Feria de Cerveza Artesana Ultreya Beer de Viana, tenemos el placer de anunciar el Primer Concurso de Elaboraci\u00f3n de Cerveza Casera Ultreya Beer Viana, que estar\u00e1 englobado dentro de las actividades de dicha feria el&#8230; <a class=\"continue-reading-link\" href=\"https:\/\/accnr.es\/?page_id=395\">Continue reading<\/a><\/p>\n","protected":false},"author":1,"featured_media":0,"parent":0,"menu_order":0,"comment_status":"closed","ping_status":"closed","template":"","meta":{"footnotes":""},"class_list":["post-395","page","type-page","status-publish","hentry"],"_links":{"self":[{"href":"https:\/\/accnr.es\/index.php?rest_route=\/wp\/v2\/pages\/395","targetHints":{"allow":["GET"]}}],"collection":[{"href":"https:\/\/accnr.es\/index.php?rest_route=\/wp\/v2\/pages"}],"about":[{"href":"https:\/\/accnr.es\/index.php?rest_route=\/wp\/v2\/types\/page"}],"author":[{"embeddable":true,"href":"https:\/\/accnr.es\/index.php?rest_route=\/wp\/v2\/users\/1"}],"replies":[{"embeddable":true,"href":"https:\/\/accnr.es\/index.php?rest_route=%2Fwp%2Fv2%2Fcomments&post=395"}],"version-history":[{"count":7,"href":"https:\/\/accnr.es\/index.php?rest_route=\/wp\/v2\/pages\/395\/revisions"}],"predecessor-version":[{"id":568,"href":"https:\/\/accnr.es\/index.php?rest_route=\/wp\/v2\/pages\/395\/revisions\/568"}],"wp:attachment":[{"href":"https:\/\/accnr.es\/index.php?rest_route=%2Fwp%2Fv2%2Fmedia&parent=395"}],"curies":[{"name":"wp","href":"https:\/\/api.w.org\/{rel}","templated":true}]}}