{"id":227,"date":"2019-04-04T17:45:17","date_gmt":"2019-04-04T15:45:17","guid":{"rendered":"http:\/\/accnr.es\/?page_id=227"},"modified":"2019-04-05T17:08:46","modified_gmt":"2019-04-05T15:08:46","slug":"eeuu","status":"publish","type":"page","link":"https:\/\/accnr.es\/?page_id=227","title":{"rendered":"EEUU"},"content":{"rendered":"<p>\n<\/p><p><!--StartFragment--><\/p>\n\n\n<p>Recetas de cervezas estadounidenses profesionales.<\/p>\n\n\n\n<p>Poco a poco se van aumentando el n\u00famero de recetas disponibles.<\/p>\n\n\n\n<p>Estas recetas est\u00e1n \u00fanicamente disponibles para socios.<\/p>\n\n\n<p><!--EndFragment--><\/p>\n<p><\/p>","protected":false},"excerpt":{"rendered":"<p>Recetas de cervezas estadounidenses profesionales. Poco a poco se van aumentando el n\u00famero de recetas disponibles. Estas recetas est\u00e1n \u00fanicamente disponibles para socios. <a class=\"continue-reading-link\" href=\"https:\/\/accnr.es\/?page_id=227\">Continue reading<\/a><\/p>\n","protected":false},"author":1,"featured_media":0,"parent":0,"menu_order":0,"comment_status":"closed","ping_status":"closed","template":"","meta":{"footnotes":""},"class_list":["post-227","page","type-page","status-publish","hentry"],"_links":{"self":[{"href":"https:\/\/accnr.es\/index.php?rest_route=\/wp\/v2\/pages\/227","targetHints":{"allow":["GET"]}}],"collection":[{"href":"https:\/\/accnr.es\/index.php?rest_route=\/wp\/v2\/pages"}],"about":[{"href":"https:\/\/accnr.es\/index.php?rest_route=\/wp\/v2\/types\/page"}],"author":[{"embeddable":true,"href":"https:\/\/accnr.es\/index.php?rest_route=\/wp\/v2\/users\/1"}],"replies":[{"embeddable":true,"href":"https:\/\/accnr.es\/index.php?rest_route=%2Fwp%2Fv2%2Fcomments&post=227"}],"version-history":[{"count":4,"href":"https:\/\/accnr.es\/index.php?rest_route=\/wp\/v2\/pages\/227\/revisions"}],"predecessor-version":[{"id":302,"href":"https:\/\/accnr.es\/index.php?rest_route=\/wp\/v2\/pages\/227\/revisions\/302"}],"wp:attachment":[{"href":"https:\/\/accnr.es\/index.php?rest_route=%2Fwp%2Fv2%2Fmedia&parent=227"}],"curies":[{"name":"wp","href":"https:\/\/api.w.org\/{rel}","templated":true}]}}