{"id":220,"date":"2019-04-04T17:38:51","date_gmt":"2019-04-04T15:38:51","guid":{"rendered":"http:\/\/accnr.es\/?page_id=220"},"modified":"2019-04-05T16:56:31","modified_gmt":"2019-04-05T14:56:31","slug":"belgas","status":"publish","type":"page","link":"https:\/\/accnr.es\/?page_id=220","title":{"rendered":"B\u00e9lgica"},"content":{"rendered":"\n<p>Recetas de cervezas belgas profesionales.<\/p>\n\n\n\n<p>Poco a poco se van aumentando el n\u00famero de recetas disponibles.<\/p>\n\n\n\n<p>Estas recetas est\u00e1n \u00fanicamente disponibles para socios.<\/p>\n","protected":false},"excerpt":{"rendered":"<p>Recetas de cervezas belgas profesionales. Poco a poco se van aumentando el n\u00famero de recetas disponibles. Estas recetas est\u00e1n \u00fanicamente disponibles para socios. <a class=\"continue-reading-link\" href=\"https:\/\/accnr.es\/?page_id=220\">Continue reading<\/a><\/p>\n","protected":false},"author":1,"featured_media":0,"parent":0,"menu_order":0,"comment_status":"closed","ping_status":"closed","template":"","meta":{"footnotes":""},"class_list":["post-220","page","type-page","status-publish","hentry"],"_links":{"self":[{"href":"https:\/\/accnr.es\/index.php?rest_route=\/wp\/v2\/pages\/220","targetHints":{"allow":["GET"]}}],"collection":[{"href":"https:\/\/accnr.es\/index.php?rest_route=\/wp\/v2\/pages"}],"about":[{"href":"https:\/\/accnr.es\/index.php?rest_route=\/wp\/v2\/types\/page"}],"author":[{"embeddable":true,"href":"https:\/\/accnr.es\/index.php?rest_route=\/wp\/v2\/users\/1"}],"replies":[{"embeddable":true,"href":"https:\/\/accnr.es\/index.php?rest_route=%2Fwp%2Fv2%2Fcomments&post=220"}],"version-history":[{"count":3,"href":"https:\/\/accnr.es\/index.php?rest_route=\/wp\/v2\/pages\/220\/revisions"}],"predecessor-version":[{"id":289,"href":"https:\/\/accnr.es\/index.php?rest_route=\/wp\/v2\/pages\/220\/revisions\/289"}],"wp:attachment":[{"href":"https:\/\/accnr.es\/index.php?rest_route=%2Fwp%2Fv2%2Fmedia&parent=220"}],"curies":[{"name":"wp","href":"https:\/\/api.w.org\/{rel}","templated":true}]}}