{"id":154,"date":"2019-04-03T17:43:02","date_gmt":"2019-04-03T15:43:02","guid":{"rendered":"http:\/\/accnr.es\/?page_id=154"},"modified":"2020-11-28T18:39:56","modified_gmt":"2020-11-28T17:39:56","slug":"visita-a-brew-roll","status":"publish","type":"page","link":"https:\/\/accnr.es\/?page_id=154","title":{"rendered":"Visita a Brew &#038; roll"},"content":{"rendered":"\n<p>ACCNR, junto nuestros amigos de la asociaci\u00f3n de Cerveceros Caseros de Burgos (ACCB), visitamos las instalaciones que Brew &amp; Roll ten\u00eda en Bara\u00f1ain, localidad anexa a Pamplona.<\/p>\n\n\n\n<p>Pudimos ver toda la f\u00e1brica de la mano de nuestro amigo Javier Zornoza, el Head Brewer de Brew &amp; Roll, que, como siempre, nos dio un trato inmejorable.<\/p>\n\n\n\n<p>Pr\u00f3ximamente veremos sus nuevas instalaciones, ya que se han cambiado de sitio para poder ampliar equipo y capacidad.<\/p>\n","protected":false},"excerpt":{"rendered":"<p>ACCNR, junto nuestros amigos de la asociaci\u00f3n de Cerveceros Caseros de Burgos (ACCB), visitamos las instalaciones que Brew &amp; Roll ten\u00eda en Bara\u00f1ain, localidad anexa a Pamplona. Pudimos ver toda la f\u00e1brica de la mano de nuestro amigo Javier Zornoza, el Head Brewer de Brew &amp; Roll, que, como siempre,&#8230; <a class=\"continue-reading-link\" href=\"https:\/\/accnr.es\/?page_id=154\">Continue reading<\/a><\/p>\n","protected":false},"author":1,"featured_media":0,"parent":0,"menu_order":0,"comment_status":"closed","ping_status":"closed","template":"","meta":{"footnotes":""},"class_list":["post-154","page","type-page","status-publish","hentry"],"_links":{"self":[{"href":"https:\/\/accnr.es\/index.php?rest_route=\/wp\/v2\/pages\/154","targetHints":{"allow":["GET"]}}],"collection":[{"href":"https:\/\/accnr.es\/index.php?rest_route=\/wp\/v2\/pages"}],"about":[{"href":"https:\/\/accnr.es\/index.php?rest_route=\/wp\/v2\/types\/page"}],"author":[{"embeddable":true,"href":"https:\/\/accnr.es\/index.php?rest_route=\/wp\/v2\/users\/1"}],"replies":[{"embeddable":true,"href":"https:\/\/accnr.es\/index.php?rest_route=%2Fwp%2Fv2%2Fcomments&post=154"}],"version-history":[{"count":2,"href":"https:\/\/accnr.es\/index.php?rest_route=\/wp\/v2\/pages\/154\/revisions"}],"predecessor-version":[{"id":637,"href":"https:\/\/accnr.es\/index.php?rest_route=\/wp\/v2\/pages\/154\/revisions\/637"}],"wp:attachment":[{"href":"https:\/\/accnr.es\/index.php?rest_route=%2Fwp%2Fv2%2Fmedia&parent=154"}],"curies":[{"name":"wp","href":"https:\/\/api.w.org\/{rel}","templated":true}]}}